{"id":28,"date":"2018-04-19T09:34:43","date_gmt":"2018-04-19T09:34:43","guid":{"rendered":"http:\/\/creativityday.industriales.upm.es\/?page_id=28"},"modified":"2018-12-18T12:49:58","modified_gmt":"2018-12-18T12:49:58","slug":"ediciones","status":"publish","type":"page","link":"http:\/\/creativityday.industriales.upm.es\/index.php\/ediciones\/","title":{"rendered":"Ediciones"},"content":{"rendered":"<p style=\"text-align: center;\">Bajo la iniciativa de la ETSI Industriales organiza la jornada<\/p>\n<h1 style=\"text-align: center;\"><strong>CREATIVITY DAY<\/strong><\/h1>\n<p style=\"text-align: center;\">\u00a0un d\u00eda de retos para demostrar la capacidad creativa de nuestros alumnos. Retos sencillos, abiertos, pero que requieren de ingenio, libertad de pensamiento y mucha capacidad de innovaci\u00f3n e improvisaci\u00f3n a desarrollar en equipos de m\u00e1ximo 5 personas.<\/p>\n<p>&nbsp;<\/p>\n<p style=\"text-align: center;\">Edici\u00f3n 2015:<\/p>\n<p style=\"text-align: center;\">Edici\u00f3n 2016:<\/p>\n<p style=\"text-align: center;\"><a href=\"http:\/\/creativityday.industriales.upm.es\/wp-content\/uploads\/2018\/04\/oro-arabe.pdf\">Edici\u00f3n 2017: \u00abEl viaje del Oro\u00bb<\/a><\/p>\n<p style=\"text-align: center;\"><a href=\"http:\/\/creativityday.industriales.upm.es\/wp-content\/uploads\/2018\/04\/Nieve-en-los-picos_definitivo.pdf\">Edici\u00f3n 2018: \u00abNieve en los picos\u00bb<\/a><\/p>\n<p style=\"text-align: center;\">Para el 2019&#8230;. piensa en el 50 aniversario del Club Deportivo<\/p>\n<p>&nbsp;<\/p>\n","protected":false},"excerpt":{"rendered":"<p>Bajo la iniciativa de la ETSI Industriales organiza la jornada CREATIVITY DAY \u00a0un d\u00eda de retos para demostrar la capacidad creativa de nuestros alumnos. Retos sencillos, abiertos, pero que requieren de ingenio, libertad de pensamiento<a class=\"moretag\" href=\"http:\/\/creativityday.industriales.upm.es\/index.php\/ediciones\/\"> Leer m\u00e1s&hellip;<\/a><\/p>\n","protected":false},"author":1,"featured_media":0,"parent":0,"menu_order":0,"comment_status":"closed","ping_status":"closed","template":"","meta":[],"_links":{"self":[{"href":"http:\/\/creativityday.industriales.upm.es\/index.php\/wp-json\/wp\/v2\/pages\/28"}],"collection":[{"href":"http:\/\/creativityday.industriales.upm.es\/index.php\/wp-json\/wp\/v2\/pages"}],"about":[{"href":"http:\/\/creativityday.industriales.upm.es\/index.php\/wp-json\/wp\/v2\/types\/page"}],"author":[{"embeddable":true,"href":"http:\/\/creativityday.industriales.upm.es\/index.php\/wp-json\/wp\/v2\/users\/1"}],"replies":[{"embeddable":true,"href":"http:\/\/creativityday.industriales.upm.es\/index.php\/wp-json\/wp\/v2\/comments?post=28"}],"version-history":[{"count":17,"href":"http:\/\/creativityday.industriales.upm.es\/index.php\/wp-json\/wp\/v2\/pages\/28\/revisions"}],"predecessor-version":[{"id":109,"href":"http:\/\/creativityday.industriales.upm.es\/index.php\/wp-json\/wp\/v2\/pages\/28\/revisions\/109"}],"wp:attachment":[{"href":"http:\/\/creativityday.industriales.upm.es\/index.php\/wp-json\/wp\/v2\/media?parent=28"}],"curies":[{"name":"wp","href":"https:\/\/api.w.org\/{rel}","templated":true}]}}