{"id":4,"date":"2018-03-08T15:00:51","date_gmt":"2018-03-08T15:00:51","guid":{"rendered":"http:\/\/creativityday.industriales.upm.es\/?page_id=4"},"modified":"2020-01-12T20:08:35","modified_gmt":"2020-01-12T20:08:35","slug":"inicio","status":"publish","type":"page","link":"http:\/\/creativityday.industriales.upm.es\/","title":{"rendered":"Inicio"},"content":{"rendered":"<div class=\"col-md-5\">\n<h3>Acerca de Hestia<\/h3>\n<p>\u00bfNecesitas m\u00e1s detalles? Por favor, para informaci\u00f3n detallada de c\u00f3mo utilizar Hestia, comprueba nuestra completa documentaci\u00f3n.<\/p><\/div>\n<div class=\"col-md-6 col-md-offset-1\"><img class=\"size-medium alignright\" src=\"http:\/\/creativityday.industriales.upm.es\/wp-content\/themes\/hestia\/assets\/img\/about-content.png\" \/><\/div>\n","protected":false},"excerpt":{"rendered":"<p>Acerca de Hestia \u00bfNecesitas m\u00e1s detalles? Por favor, para informaci\u00f3n detallada de c\u00f3mo utilizar Hestia, comprueba nuestra completa documentaci\u00f3n.<\/p>\n","protected":false},"author":1,"featured_media":0,"parent":0,"menu_order":0,"comment_status":"closed","ping_status":"closed","template":"","meta":[],"_links":{"self":[{"href":"http:\/\/creativityday.industriales.upm.es\/index.php\/wp-json\/wp\/v2\/pages\/4"}],"collection":[{"href":"http:\/\/creativityday.industriales.upm.es\/index.php\/wp-json\/wp\/v2\/pages"}],"about":[{"href":"http:\/\/creativityday.industriales.upm.es\/index.php\/wp-json\/wp\/v2\/types\/page"}],"author":[{"embeddable":true,"href":"http:\/\/creativityday.industriales.upm.es\/index.php\/wp-json\/wp\/v2\/users\/1"}],"replies":[{"embeddable":true,"href":"http:\/\/creativityday.industriales.upm.es\/index.php\/wp-json\/wp\/v2\/comments?post=4"}],"version-history":[{"count":2,"href":"http:\/\/creativityday.industriales.upm.es\/index.php\/wp-json\/wp\/v2\/pages\/4\/revisions"}],"predecessor-version":[{"id":14,"href":"http:\/\/creativityday.industriales.upm.es\/index.php\/wp-json\/wp\/v2\/pages\/4\/revisions\/14"}],"wp:attachment":[{"href":"http:\/\/creativityday.industriales.upm.es\/index.php\/wp-json\/wp\/v2\/media?parent=4"}],"curies":[{"name":"wp","href":"https:\/\/api.w.org\/{rel}","templated":true}]}}