{"id":53,"date":"2018-04-24T10:24:25","date_gmt":"2018-04-24T10:24:25","guid":{"rendered":"http:\/\/creativityday.industriales.upm.es\/?page_id=53"},"modified":"2018-10-17T20:48:18","modified_gmt":"2018-10-17T20:48:18","slug":"galeria","status":"publish","type":"page","link":"http:\/\/creativityday.industriales.upm.es\/index.php\/galeria\/","title":{"rendered":"Galer\u00eda"},"content":{"rendered":"<h1 style=\"text-align: center;\"><strong>GALER\u00cdA FOTOGR\u00c1FICA<\/strong><\/h1>\n<p style=\"text-align: center;\"><a href=\"https:\/\/www.flickr.com\/photos\/escuelaindustrialesupm\/albums\/72157641605635913\">Edici\u00f3n 2014<\/a><\/p>\n<p style=\"text-align: center;\">Edici\u00f3n 2015<\/p>\n<p style=\"text-align: center;\"><a href=\"https:\/\/www.flickr.com\/photos\/escuelaindustrialesupm\/albums\/72157664682221906\">Edici\u00f3n 2016<\/a><\/p>\n<p style=\"text-align: center;\"><a href=\"https:\/\/www.flickr.com\/photos\/escuelaindustrialesupm\/albums\/72157676293358323\">Edici\u00f3n 2017<\/a><\/p>\n<p style=\"text-align: center;\"><a href=\"https:\/\/photos.app.goo.gl\/itCfHKcxQTJvbtUg6\" target=\"_blank\" rel=\"noopener\">Edici\u00f3n 2018<\/a><\/p>\n","protected":false},"excerpt":{"rendered":"<p>GALER\u00cdA FOTOGR\u00c1FICA Edici\u00f3n 2014 Edici\u00f3n 2015 Edici\u00f3n 2016 Edici\u00f3n 2017 Edici\u00f3n 2018<\/p>\n","protected":false},"author":1,"featured_media":0,"parent":0,"menu_order":0,"comment_status":"closed","ping_status":"closed","template":"","meta":[],"_links":{"self":[{"href":"http:\/\/creativityday.industriales.upm.es\/index.php\/wp-json\/wp\/v2\/pages\/53"}],"collection":[{"href":"http:\/\/creativityday.industriales.upm.es\/index.php\/wp-json\/wp\/v2\/pages"}],"about":[{"href":"http:\/\/creativityday.industriales.upm.es\/index.php\/wp-json\/wp\/v2\/types\/page"}],"author":[{"embeddable":true,"href":"http:\/\/creativityday.industriales.upm.es\/index.php\/wp-json\/wp\/v2\/users\/1"}],"replies":[{"embeddable":true,"href":"http:\/\/creativityday.industriales.upm.es\/index.php\/wp-json\/wp\/v2\/comments?post=53"}],"version-history":[{"count":7,"href":"http:\/\/creativityday.industriales.upm.es\/index.php\/wp-json\/wp\/v2\/pages\/53\/revisions"}],"predecessor-version":[{"id":81,"href":"http:\/\/creativityday.industriales.upm.es\/index.php\/wp-json\/wp\/v2\/pages\/53\/revisions\/81"}],"wp:attachment":[{"href":"http:\/\/creativityday.industriales.upm.es\/index.php\/wp-json\/wp\/v2\/media?parent=53"}],"curies":[{"name":"wp","href":"https:\/\/api.w.org\/{rel}","templated":true}]}}