{"id":75,"date":"2018-10-17T20:42:07","date_gmt":"2018-10-17T20:42:07","guid":{"rendered":"http:\/\/creativityday.industriales.upm.es\/?page_id=75"},"modified":"2021-02-18T14:44:45","modified_gmt":"2021-02-18T14:44:45","slug":"agradecimientos","status":"publish","type":"page","link":"http:\/\/creativityday.industriales.upm.es\/index.php\/agradecimientos\/","title":{"rendered":"Agradecimientos"},"content":{"rendered":"<p>El Creativity Day no es posible sin los estupendos alumnos que tenemos en la ETSI Industriales pero hay detr\u00e1s un grupo de profesores, PAS y estudiantes que trabaja para que todo est\u00e9 funcionando.<\/p>\n<p>Tambi\u00e9n agradecemos al Rectorado UPM por el PIE 17180510 que ha financiado parte de estas acciones.<\/p>\n\n\n<p>Muchas gracias a SACYR FLUOR por proporcionarnos las ideas que son la base de los retos propuestos.<\/p>\n","protected":false},"excerpt":{"rendered":"<p>El Creativity Day no es posible sin los estupendos alumnos que tenemos en la ETSI Industriales pero hay detr\u00e1s un grupo de profesores, PAS y estudiantes que trabaja para que todo est\u00e9 funcionando. Tambi\u00e9n agradecemos<a class=\"moretag\" href=\"http:\/\/creativityday.industriales.upm.es\/index.php\/agradecimientos\/\"> Leer m\u00e1s&hellip;<\/a><\/p>\n","protected":false},"author":1,"featured_media":0,"parent":0,"menu_order":0,"comment_status":"closed","ping_status":"closed","template":"","meta":[],"_links":{"self":[{"href":"http:\/\/creativityday.industriales.upm.es\/index.php\/wp-json\/wp\/v2\/pages\/75"}],"collection":[{"href":"http:\/\/creativityday.industriales.upm.es\/index.php\/wp-json\/wp\/v2\/pages"}],"about":[{"href":"http:\/\/creativityday.industriales.upm.es\/index.php\/wp-json\/wp\/v2\/types\/page"}],"author":[{"embeddable":true,"href":"http:\/\/creativityday.industriales.upm.es\/index.php\/wp-json\/wp\/v2\/users\/1"}],"replies":[{"embeddable":true,"href":"http:\/\/creativityday.industriales.upm.es\/index.php\/wp-json\/wp\/v2\/comments?post=75"}],"version-history":[{"count":2,"href":"http:\/\/creativityday.industriales.upm.es\/index.php\/wp-json\/wp\/v2\/pages\/75\/revisions"}],"predecessor-version":[{"id":124,"href":"http:\/\/creativityday.industriales.upm.es\/index.php\/wp-json\/wp\/v2\/pages\/75\/revisions\/124"}],"wp:attachment":[{"href":"http:\/\/creativityday.industriales.upm.es\/index.php\/wp-json\/wp\/v2\/media?parent=75"}],"curies":[{"name":"wp","href":"https:\/\/api.w.org\/{rel}","templated":true}]}}